{"id":421,"date":"2019-04-05T05:02:36","date_gmt":"2019-04-05T05:02:36","guid":{"rendered":"https:\/\/victorthemes.com\/themes\/windfall\/?page_id=421"},"modified":"2024-03-01T22:00:18","modified_gmt":"2024-03-01T22:00:18","slug":"logolar","status":"publish","type":"page","link":"https:\/\/meosteknik.com\/?page_id=421","title":{"rendered":"Logolar"},"content":{"rendered":"\t\t<div data-elementor-type=\"wp-post\" data-elementor-id=\"421\" class=\"elementor elementor-421\">\n\t\t\t\t\t\t<section class=\"elementor-section elementor-top-section elementor-element elementor-element-bdc74b8 elementor-section-stretched elementor-section-boxed elementor-section-height-default elementor-section-height-default\" data-id=\"bdc74b8\" data-element_type=\"section\" data-settings=\"{&quot;stretch_section&quot;:&quot;section-stretched&quot;,&quot;background_background&quot;:&quot;classic&quot;}\">\n\t\t\t\t\t\t<div class=\"elementor-container elementor-column-gap-default\">\n\t\t\t\t\t<div class=\"elementor-column elementor-col-50 elementor-top-column elementor-element elementor-element-1100fc2\" data-id=\"1100fc2\" data-element_type=\"column\">\n\t\t\t<div class=\"elementor-widget-wrap elementor-element-populated\">\n\t\t\t\t\t\t<div class=\"elementor-element elementor-element-b6046c3 elementor-widget elementor-widget-vt-windfall_industries\" data-id=\"b6046c3\" data-element_type=\"widget\" data-widget_type=\"vt-windfall_industries.default\">\n\t\t\t\t<div class=\"elementor-widget-container\">\n\t\t\t\t\t<div class=\"wndfal-industries\">\r\n\t\t\t\t\t\t\t  <div class=\"industry-item  left-align\">\r\n\t\t\t\t\t\t\t    <div class=\"wndfal-image\">\r\n\t\t\t\t\t\t\t      <img decoding=\"async\" src=\"https:\/\/meosteknik.com\/wp-content\/uploads\/2024\/03\/DikPNG-1.png\" alt=\"\">\r\n\t\t\t\t\t\t\t      <div class=\"industry-info-wrap\">\r\n\t\t\t\t\t\t\t        <div class=\"wndfal-table-wrap\">\r\n\t\t\t\t\t\t\t          <div class=\"wndfal-align-wrap\">\r\n\t\t\t\t\t\t\t            <div class=\"wndfal-icon\">\r\n\t\t\t\t\t\t\t              <img decoding=\"async\" src=\"https:\/\/meosteknik.com\/wp-content\/uploads\/2019\/04\/icon8@2x.png\" alt=\"\" width=\"29\">\r\n\t\t\t\t\t\t\t            <\/div>\r\n\t\t\t\t\t\t\t            <div class=\"industry-info\">\r\n\t\t\t\t\t\t\t              <h3 class=\"industry-title\"><span>PNG Logo<\/span><\/h3>\r\n\t\t\t\t\t\t\t              <div class=\"industry-info-inner\">\r\n\t\t\t\t\t\t\t                \r\n\t\t\t\t\t\t\t                \r\n\t\t\t\t\t\t\t              <\/div>\r\n\t\t\t\t\t\t\t            <\/div>\r\n\t\t\t\t\t\t\t          <\/div>\r\n\t\t\t\t\t\t\t        <\/div>\r\n\t\t\t\t\t\t\t      <\/div>\r\n\t\t\t\t\t\t\t    <\/div>\r\n\t\t\t\t\t\t\t  <\/div>\r\n\t\t\t\t\t\t\t<\/div>\t\t\t\t<\/div>\n\t\t\t\t<\/div>\n\t\t\t\t\t<\/div>\n\t\t<\/div>\n\t\t\t\t<div class=\"elementor-column elementor-col-50 elementor-top-column elementor-element elementor-element-32a51d2\" data-id=\"32a51d2\" data-element_type=\"column\">\n\t\t\t<div class=\"elementor-widget-wrap elementor-element-populated\">\n\t\t\t\t\t\t<div class=\"elementor-element elementor-element-1b50d33 elementor-widget elementor-widget-vt-windfall_industries\" data-id=\"1b50d33\" data-element_type=\"widget\" data-widget_type=\"vt-windfall_industries.default\">\n\t\t\t\t<div class=\"elementor-widget-container\">\n\t\t\t\t\t<div class=\"wndfal-industries\">\r\n\t\t\t\t\t\t\t  <div class=\"industry-item  left-align\">\r\n\t\t\t\t\t\t\t    <div class=\"wndfal-image\">\r\n\t\t\t\t\t\t\t      <img decoding=\"async\" src=\"https:\/\/meosteknik.com\/wp-content\/uploads\/2024\/03\/Dikjpg3.jpg\" alt=\"\">\r\n\t\t\t\t\t\t\t      <div class=\"industry-info-wrap\">\r\n\t\t\t\t\t\t\t        <div class=\"wndfal-table-wrap\">\r\n\t\t\t\t\t\t\t          <div class=\"wndfal-align-wrap\">\r\n\t\t\t\t\t\t\t            <div class=\"wndfal-icon\">\r\n\t\t\t\t\t\t\t              <img decoding=\"async\" src=\"https:\/\/meosteknik.com\/wp-content\/uploads\/2019\/04\/icon8@2x.png\" alt=\"\" width=\"29\">\r\n\t\t\t\t\t\t\t            <\/div>\r\n\t\t\t\t\t\t\t            <div class=\"industry-info\">\r\n\t\t\t\t\t\t\t              <h3 class=\"industry-title\"><span>JPG Logo<\/span><\/h3>\r\n\t\t\t\t\t\t\t              <div class=\"industry-info-inner\">\r\n\t\t\t\t\t\t\t                \r\n\t\t\t\t\t\t\t                \r\n\t\t\t\t\t\t\t              <\/div>\r\n\t\t\t\t\t\t\t            <\/div>\r\n\t\t\t\t\t\t\t          <\/div>\r\n\t\t\t\t\t\t\t        <\/div>\r\n\t\t\t\t\t\t\t      <\/div>\r\n\t\t\t\t\t\t\t    <\/div>\r\n\t\t\t\t\t\t\t  <\/div>\r\n\t\t\t\t\t\t\t<\/div>\t\t\t\t<\/div>\n\t\t\t\t<\/div>\n\t\t\t\t\t<\/div>\n\t\t<\/div>\n\t\t\t\t\t<\/div>\n\t\t<\/section>\n\t\t\t\t<section class=\"elementor-section elementor-top-section elementor-element elementor-element-cb0b5d5 elementor-section-stretched elementor-section-boxed elementor-section-height-default elementor-section-height-default\" data-id=\"cb0b5d5\" data-element_type=\"section\" data-settings=\"{&quot;stretch_section&quot;:&quot;section-stretched&quot;}\">\n\t\t\t\t\t\t<div class=\"elementor-container elementor-column-gap-default\">\n\t\t\t\t\t<div class=\"elementor-column elementor-col-50 elementor-top-column elementor-element elementor-element-ea5eb41\" data-id=\"ea5eb41\" data-element_type=\"column\">\n\t\t\t<div class=\"elementor-widget-wrap elementor-element-populated\">\n\t\t\t\t\t\t<div class=\"elementor-element elementor-element-0a7649d elementor-widget elementor-widget-vt-windfall_download_item\" data-id=\"0a7649d\" data-element_type=\"widget\" data-settings=\"{&quot;features_icon&quot;:&quot;fa fa-download&quot;}\" data-widget_type=\"vt-windfall_download_item.default\">\n\t\t\t\t<div class=\"elementor-widget-container\">\n\t\t\t\t\t<div class=\"wndfal-downloads\">\r\n\t\t\t\t\t\t      <div class=\"download-item\">\r\n\t\t\t\t\t\t        <div class=\"row align-items-center\">\r\n\t\t\t\t\t\t          <div class=\"col-md-8\">\r\n\t\t\t\t\t\t             <div class=\"wndfal-icon\"><i class=\"fa fa-download\" aria-hidden=\"true\"><\/i><\/div>\r\n\t\t\t\t\t\t            <div class=\"download-info\">\r\n\t\t\t\t\t\t              <h3 class=\"download-title\">Logo1<\/h3><p>Dikey Format Vekt\u00f6rel PNG Logomuz<\/p>\r\n\t\t\t\t\t\t            <\/div>\r\n\t\t\t\t\t\t          <\/div>\r\n\t\t\t\t\t\t          <div class=\"col-md-4 textright\"><a href=\"https:\/\/meosteknik.com\/wp-content\/uploads\/2024\/03\/Dikpng3.jpg\" target=\"_blank\" rel=\"nofollow\" class=\"wndfal-btn\"><span class=\"btn-text-wrap\"><span class=\"btn-text\">Logoyu \u0130ndir<\/span><\/span><\/a><\/div>\r\n\t\t\t\t\t\t        <\/div>\r\n\t\t\t\t\t\t      <\/div>\r\n\t\t\t\t\t\t\t\t<\/div>\t\t\t\t<\/div>\n\t\t\t\t<\/div>\n\t\t\t\t\t<\/div>\n\t\t<\/div>\n\t\t\t\t<div class=\"elementor-column elementor-col-50 elementor-top-column elementor-element elementor-element-367e527\" data-id=\"367e527\" data-element_type=\"column\">\n\t\t\t<div class=\"elementor-widget-wrap elementor-element-populated\">\n\t\t\t\t\t\t<div class=\"elementor-element elementor-element-7a44394 elementor-widget elementor-widget-vt-windfall_download_item\" data-id=\"7a44394\" data-element_type=\"widget\" data-settings=\"{&quot;features_icon&quot;:&quot;fa fa-download&quot;}\" data-widget_type=\"vt-windfall_download_item.default\">\n\t\t\t\t<div class=\"elementor-widget-container\">\n\t\t\t\t\t<div class=\"wndfal-downloads\">\r\n\t\t\t\t\t\t      <div class=\"download-item\">\r\n\t\t\t\t\t\t        <div class=\"row align-items-center\">\r\n\t\t\t\t\t\t          <div class=\"col-md-8\">\r\n\t\t\t\t\t\t             <div class=\"wndfal-icon\"><i class=\"fa fa-download\" aria-hidden=\"true\"><\/i><\/div>\r\n\t\t\t\t\t\t            <div class=\"download-info\">\r\n\t\t\t\t\t\t              <h3 class=\"download-title\">Logo2<\/h3><p>Dikey Format JPG Logomuz<\/p>\r\n\t\t\t\t\t\t            <\/div>\r\n\t\t\t\t\t\t          <\/div>\r\n\t\t\t\t\t\t          <div class=\"col-md-4 textright\"><a href=\"https:\/\/meosteknik.com\/wp-content\/uploads\/2024\/03\/LLOGO.jpg\" target=\"_blank\" rel=\"nofollow\" class=\"wndfal-btn\"><span class=\"btn-text-wrap\"><span class=\"btn-text\">Logoyu \u0130ndir<\/span><\/span><\/a><\/div>\r\n\t\t\t\t\t\t        <\/div>\r\n\t\t\t\t\t\t      <\/div>\r\n\t\t\t\t\t\t\t\t<\/div>\t\t\t\t<\/div>\n\t\t\t\t<\/div>\n\t\t\t\t\t<\/div>\n\t\t<\/div>\n\t\t\t\t\t<\/div>\n\t\t<\/section>\n\t\t\t\t<section class=\"elementor-section elementor-top-section elementor-element elementor-element-e5be03f elementor-section-stretched elementor-section-boxed elementor-section-height-default elementor-section-height-default\" data-id=\"e5be03f\" data-element_type=\"section\" data-settings=\"{&quot;stretch_section&quot;:&quot;section-stretched&quot;,&quot;background_background&quot;:&quot;classic&quot;}\">\n\t\t\t\t\t\t<div class=\"elementor-container elementor-column-gap-default\">\n\t\t\t\t\t<div class=\"elementor-column elementor-col-50 elementor-top-column elementor-element elementor-element-8d7260f\" data-id=\"8d7260f\" data-element_type=\"column\">\n\t\t\t<div class=\"elementor-widget-wrap elementor-element-populated\">\n\t\t\t\t\t\t<div class=\"elementor-element elementor-element-363636b elementor-widget elementor-widget-vt-windfall_industries\" data-id=\"363636b\" data-element_type=\"widget\" data-widget_type=\"vt-windfall_industries.default\">\n\t\t\t\t<div class=\"elementor-widget-container\">\n\t\t\t\t\t<div class=\"wndfal-industries\">\r\n\t\t\t\t\t\t\t  <div class=\"industry-item  left-align\">\r\n\t\t\t\t\t\t\t    <div class=\"wndfal-image\">\r\n\t\t\t\t\t\t\t      <img decoding=\"async\" src=\"https:\/\/meosteknik.com\/wp-content\/uploads\/2024\/03\/YATpng.png\" alt=\"\">\r\n\t\t\t\t\t\t\t      <div class=\"industry-info-wrap\">\r\n\t\t\t\t\t\t\t        <div class=\"wndfal-table-wrap\">\r\n\t\t\t\t\t\t\t          <div class=\"wndfal-align-wrap\">\r\n\t\t\t\t\t\t\t            <div class=\"wndfal-icon\">\r\n\t\t\t\t\t\t\t              <img decoding=\"async\" src=\"https:\/\/meosteknik.com\/wp-content\/uploads\/2019\/04\/icon8@2x.png\" alt=\"\" width=\"29\">\r\n\t\t\t\t\t\t\t            <\/div>\r\n\t\t\t\t\t\t\t            <div class=\"industry-info\">\r\n\t\t\t\t\t\t\t              <h3 class=\"industry-title\"><span>PNG Logo<\/span><\/h3>\r\n\t\t\t\t\t\t\t              <div class=\"industry-info-inner\">\r\n\t\t\t\t\t\t\t                \r\n\t\t\t\t\t\t\t                \r\n\t\t\t\t\t\t\t              <\/div>\r\n\t\t\t\t\t\t\t            <\/div>\r\n\t\t\t\t\t\t\t          <\/div>\r\n\t\t\t\t\t\t\t        <\/div>\r\n\t\t\t\t\t\t\t      <\/div>\r\n\t\t\t\t\t\t\t    <\/div>\r\n\t\t\t\t\t\t\t  <\/div>\r\n\t\t\t\t\t\t\t<\/div>\t\t\t\t<\/div>\n\t\t\t\t<\/div>\n\t\t\t\t\t<\/div>\n\t\t<\/div>\n\t\t\t\t<div class=\"elementor-column elementor-col-50 elementor-top-column elementor-element elementor-element-79770d8\" data-id=\"79770d8\" data-element_type=\"column\">\n\t\t\t<div class=\"elementor-widget-wrap elementor-element-populated\">\n\t\t\t\t\t\t<div class=\"elementor-element elementor-element-f4887b7 elementor-widget elementor-widget-vt-windfall_industries\" data-id=\"f4887b7\" data-element_type=\"widget\" data-widget_type=\"vt-windfall_industries.default\">\n\t\t\t\t<div class=\"elementor-widget-container\">\n\t\t\t\t\t<div class=\"wndfal-industries\">\r\n\t\t\t\t\t\t\t  <div class=\"industry-item  left-align\">\r\n\t\t\t\t\t\t\t    <div class=\"wndfal-image\">\r\n\t\t\t\t\t\t\t      <img decoding=\"async\" src=\"https:\/\/meosteknik.com\/wp-content\/uploads\/2024\/03\/yatJPG.jpg\" alt=\"\">\r\n\t\t\t\t\t\t\t      <div class=\"industry-info-wrap\">\r\n\t\t\t\t\t\t\t        <div class=\"wndfal-table-wrap\">\r\n\t\t\t\t\t\t\t          <div class=\"wndfal-align-wrap\">\r\n\t\t\t\t\t\t\t            <div class=\"wndfal-icon\">\r\n\t\t\t\t\t\t\t              <img decoding=\"async\" src=\"https:\/\/meosteknik.com\/wp-content\/uploads\/2019\/04\/icon8@2x.png\" alt=\"\" width=\"29\">\r\n\t\t\t\t\t\t\t            <\/div>\r\n\t\t\t\t\t\t\t            <div class=\"industry-info\">\r\n\t\t\t\t\t\t\t              <h3 class=\"industry-title\"><span>JPG Logo<\/span><\/h3>\r\n\t\t\t\t\t\t\t              <div class=\"industry-info-inner\">\r\n\t\t\t\t\t\t\t                \r\n\t\t\t\t\t\t\t                \r\n\t\t\t\t\t\t\t              <\/div>\r\n\t\t\t\t\t\t\t            <\/div>\r\n\t\t\t\t\t\t\t          <\/div>\r\n\t\t\t\t\t\t\t        <\/div>\r\n\t\t\t\t\t\t\t      <\/div>\r\n\t\t\t\t\t\t\t    <\/div>\r\n\t\t\t\t\t\t\t  <\/div>\r\n\t\t\t\t\t\t\t<\/div>\t\t\t\t<\/div>\n\t\t\t\t<\/div>\n\t\t\t\t\t<\/div>\n\t\t<\/div>\n\t\t\t\t\t<\/div>\n\t\t<\/section>\n\t\t\t\t<section class=\"elementor-section elementor-top-section elementor-element elementor-element-a7bd0d2 elementor-section-stretched elementor-section-boxed elementor-section-height-default elementor-section-height-default\" data-id=\"a7bd0d2\" data-element_type=\"section\" data-settings=\"{&quot;stretch_section&quot;:&quot;section-stretched&quot;}\">\n\t\t\t\t\t\t<div class=\"elementor-container elementor-column-gap-default\">\n\t\t\t\t\t<div class=\"elementor-column elementor-col-50 elementor-top-column elementor-element elementor-element-27661c8\" data-id=\"27661c8\" data-element_type=\"column\">\n\t\t\t<div class=\"elementor-widget-wrap elementor-element-populated\">\n\t\t\t\t\t\t<div class=\"elementor-element elementor-element-e0e5acc elementor-widget elementor-widget-vt-windfall_download_item\" data-id=\"e0e5acc\" data-element_type=\"widget\" data-settings=\"{&quot;features_icon&quot;:&quot;fa fa-download&quot;}\" data-widget_type=\"vt-windfall_download_item.default\">\n\t\t\t\t<div class=\"elementor-widget-container\">\n\t\t\t\t\t<div class=\"wndfal-downloads\">\r\n\t\t\t\t\t\t      <div class=\"download-item\">\r\n\t\t\t\t\t\t        <div class=\"row align-items-center\">\r\n\t\t\t\t\t\t          <div class=\"col-md-8\">\r\n\t\t\t\t\t\t             <div class=\"wndfal-icon\"><i class=\"fa fa-download\" aria-hidden=\"true\"><\/i><\/div>\r\n\t\t\t\t\t\t            <div class=\"download-info\">\r\n\t\t\t\t\t\t              <h3 class=\"download-title\">Logo3<\/h3><p>Yatay Format Vekt\u00f6rel PNG Logomuz<\/p>\r\n\t\t\t\t\t\t            <\/div>\r\n\t\t\t\t\t\t          <\/div>\r\n\t\t\t\t\t\t          <div class=\"col-md-4 textright\"><a href=\"https:\/\/meosteknik.com\/wp-content\/uploads\/2024\/03\/YATAYPNG.png\" target=\"_blank\" rel=\"nofollow\" class=\"wndfal-btn\"><span class=\"btn-text-wrap\"><span class=\"btn-text\">Logoyu \u0130ndir<\/span><\/span><\/a><\/div>\r\n\t\t\t\t\t\t        <\/div>\r\n\t\t\t\t\t\t      <\/div>\r\n\t\t\t\t\t\t\t\t<\/div>\t\t\t\t<\/div>\n\t\t\t\t<\/div>\n\t\t\t\t\t<\/div>\n\t\t<\/div>\n\t\t\t\t<div class=\"elementor-column elementor-col-50 elementor-top-column elementor-element elementor-element-30a905e\" data-id=\"30a905e\" data-element_type=\"column\">\n\t\t\t<div class=\"elementor-widget-wrap elementor-element-populated\">\n\t\t\t\t\t\t<div class=\"elementor-element elementor-element-2cfb0bf elementor-widget elementor-widget-vt-windfall_download_item\" data-id=\"2cfb0bf\" data-element_type=\"widget\" data-settings=\"{&quot;features_icon&quot;:&quot;fa fa-download&quot;}\" data-widget_type=\"vt-windfall_download_item.default\">\n\t\t\t\t<div class=\"elementor-widget-container\">\n\t\t\t\t\t<div class=\"wndfal-downloads\">\r\n\t\t\t\t\t\t      <div class=\"download-item\">\r\n\t\t\t\t\t\t        <div class=\"row align-items-center\">\r\n\t\t\t\t\t\t          <div class=\"col-md-8\">\r\n\t\t\t\t\t\t             <div class=\"wndfal-icon\"><i class=\"fa fa-download\" aria-hidden=\"true\"><\/i><\/div>\r\n\t\t\t\t\t\t            <div class=\"download-info\">\r\n\t\t\t\t\t\t              <h3 class=\"download-title\">Logo4<\/h3><p>Yatay Format JPG Logomuz<\/p>\r\n\t\t\t\t\t\t            <\/div>\r\n\t\t\t\t\t\t          <\/div>\r\n\t\t\t\t\t\t          <div class=\"col-md-4 textright\"><a href=\"https:\/\/meosteknik.com\/wp-content\/uploads\/2024\/03\/YATAYJPG.png\" target=\"_blank\" rel=\"nofollow\" class=\"wndfal-btn\"><span class=\"btn-text-wrap\"><span class=\"btn-text\">Logoyu \u0130ndir<\/span><\/span><\/a><\/div>\r\n\t\t\t\t\t\t        <\/div>\r\n\t\t\t\t\t\t      <\/div>\r\n\t\t\t\t\t\t\t\t<\/div>\t\t\t\t<\/div>\n\t\t\t\t<\/div>\n\t\t\t\t\t<\/div>\n\t\t<\/div>\n\t\t\t\t\t<\/div>\n\t\t<\/section>\n\t\t<div class=\"elementor-element elementor-element-38f1fbf e-flex e-con-boxed e-con e-parent\" data-id=\"38f1fbf\" data-element_type=\"container\">\n\t\t\t\t\t<div class=\"e-con-inner\">\n\t\t<div class=\"elementor-element elementor-element-00588c9 e-flex e-con-boxed e-con e-child\" data-id=\"00588c9\" data-element_type=\"container\">\n\t\t\t\t\t<div class=\"e-con-inner\">\n\t\t\t\t\t<\/div>\n\t\t\t\t<\/div>\n\t\t\t\t\t<\/div>\n\t\t\t\t<\/div>\n\t\t\t\t<section class=\"elementor-section elementor-top-section elementor-element elementor-element-83360c1 elementor-section-stretched elementor-section-full_width elementor-section-height-default elementor-section-height-default\" data-id=\"83360c1\" data-element_type=\"section\" data-settings=\"{&quot;stretch_section&quot;:&quot;section-stretched&quot;}\">\n\t\t\t\t\t\t<div class=\"elementor-container elementor-column-gap-default\">\n\t\t\t\t\t<div class=\"elementor-column elementor-col-100 elementor-top-column elementor-element elementor-element-0f5dc8d\" data-id=\"0f5dc8d\" data-element_type=\"column\">\n\t\t\t<div class=\"elementor-widget-wrap elementor-element-populated\">\n\t\t\t\t\t\t<div class=\"elementor-element elementor-element-ccb58a8 elementor-widget elementor-widget-vt-windfall_parallax_content\" data-id=\"ccb58a8\" data-element_type=\"widget\" data-widget_type=\"vt-windfall_parallax_content.default\">\n\t\t\t\t<div class=\"elementor-widget-container\">\n\t\t\t\t\t<div class=\"wndfal-reliable wndfal-parallax wndfal-overlay \">\r\n\t\t\t\t\t\t\t\t  <div class=\"container\">\r\n\t\t\t\t\t\t\t\t    <h2 class=\"reliable-title\">Mobil hatt\u0131m\u0131zdan bizlere ihtiya\u00e7 duydu\u011funuz her an ula\u015fabilirsiniz.<\/h2><p>Telefon Numaram\u0131z <a href=\"tel:053560092 99\">+90 535 600 92 99<\/a>, Bir Telefon Kadar Uza\u011f\u0131n\u0131zday\u0131z...<\/p>\r\n\t\t\t\t\t\t\t\t    <div class=\"wndfal-btns-group\"><a href=\"Tel:+905356009299\" target=\"_blank\" rel=\"nofollow\" class=\"wndfal-btn btn-one\"><span class=\"btn-text-wrap\"><span class=\"btn-text\">Bizi Aray\u0131n<\/span><\/span><\/a><a href=\"https:\/\/meosteknik.com\/?page_id=377\" target=\"_blank\" rel=\"nofollow\" class=\"wndfal-btn  wndfal-white-btn btn-two\"><span class=\"btn-text-wrap\"><span class=\"btn-text\">\u0130leti\u015fim Sayfas\u0131<\/span><\/span><\/a><\/div>\r\n\t\t\t\t\t\t\t\t  <\/div>\r\n\t\t\t\t\t\t\t\t<\/div>\t\t\t\t<\/div>\n\t\t\t\t<\/div>\n\t\t\t\t\t<\/div>\n\t\t<\/div>\n\t\t\t\t\t<\/div>\n\t\t<\/section>\n\t\t\t\t<\/div>\n\t\t","protected":false},"excerpt":{"rendered":"PNG Logo JPG Logo Logo1 Dikey Format Vekt\u00f6rel PNG Logomuz Logoyu \u0130ndir Logo2 Dikey Format JPG Logomuz Logoyu \u0130ndir PNG Logo JPG Logo Logo3 Yatay Format Vekt\u00f6rel PNG Logomuz Logoyu \u0130ndir Logo4 Yatay Format JPG Logomuz Logoyu \u0130ndir Mobil hatt\u0131m\u0131zdan bizlere ihtiya\u00e7 duydu\u011funuz her an ula\u015fabilirsiniz. Telefon Numaram\u0131z +90 535 600 92 99, Bir Telefon&#8230;","protected":false},"author":1,"featured_media":0,"parent":0,"menu_order":0,"comment_status":"closed","ping_status":"closed","template":"","meta":{"_joinchat":[],"footnotes":""},"class_list":["post-421","page","type-page","status-publish","hentry"],"_links":{"self":[{"href":"https:\/\/meosteknik.com\/index.php?rest_route=\/wp\/v2\/pages\/421","targetHints":{"allow":["GET"]}}],"collection":[{"href":"https:\/\/meosteknik.com\/index.php?rest_route=\/wp\/v2\/pages"}],"about":[{"href":"https:\/\/meosteknik.com\/index.php?rest_route=\/wp\/v2\/types\/page"}],"author":[{"embeddable":true,"href":"https:\/\/meosteknik.com\/index.php?rest_route=\/wp\/v2\/users\/1"}],"replies":[{"embeddable":true,"href":"https:\/\/meosteknik.com\/index.php?rest_route=%2Fwp%2Fv2%2Fcomments&post=421"}],"version-history":[{"count":60,"href":"https:\/\/meosteknik.com\/index.php?rest_route=\/wp\/v2\/pages\/421\/revisions"}],"predecessor-version":[{"id":1898,"href":"https:\/\/meosteknik.com\/index.php?rest_route=\/wp\/v2\/pages\/421\/revisions\/1898"}],"wp:attachment":[{"href":"https:\/\/meosteknik.com\/index.php?rest_route=%2Fwp%2Fv2%2Fmedia&parent=421"}],"curies":[{"name":"wp","href":"https:\/\/api.w.org\/{rel}","templated":true}]}}