{"id":377,"date":"2019-04-04T10:01:49","date_gmt":"2019-04-04T10:01:49","guid":{"rendered":"https:\/\/victorthemes.com\/themes\/windfall\/?page_id=377"},"modified":"2026-01-20T17:25:48","modified_gmt":"2026-01-20T17:25:48","slug":"iletisim","status":"publish","type":"page","link":"https:\/\/meosteknik.com\/?page_id=377","title":{"rendered":"\u0130leti\u015fim"},"content":{"rendered":"\t\t<div data-elementor-type=\"wp-post\" data-elementor-id=\"377\" class=\"elementor elementor-377\">\n\t\t\t\t\t\t<section class=\"elementor-section elementor-top-section elementor-element elementor-element-18045ec elementor-section-full_width elementor-section-height-default elementor-section-height-default\" data-id=\"18045ec\" data-element_type=\"section\">\n\t\t\t\t\t\t<div class=\"elementor-container elementor-column-gap-default\">\n\t\t\t\t\t<div class=\"elementor-column elementor-col-33 elementor-top-column elementor-element elementor-element-da2c3c9\" data-id=\"da2c3c9\" data-element_type=\"column\">\n\t\t\t<div class=\"elementor-widget-wrap elementor-element-populated\">\n\t\t\t\t\t\t<div class=\"elementor-element elementor-element-27ab7b3 elementor-widget elementor-widget-vt-windfall_address_info\" data-id=\"27ab7b3\" data-element_type=\"widget\" data-widget_type=\"vt-windfall_address_info.default\">\n\t\t\t\t<div class=\"elementor-widget-container\">\n\t\t\t\t\t<div class=\"wndfal-contact\">\n\t\t\t\t        <div class=\"contact-info\">\n\t\t\t\t          <div class=\"section-title-wrap title-style-two\">\n\t\t\t\t            <h2 class=\"section-title\">MEOS Teknik<\/h2><p>Bizimle ileti\u015fime ge\u00e7ti\u011finiz i\u00e7in te\u015fekk\u00fcr ederiz. En k\u0131sa s\u00fcre i\u00e7erisinde sizinle ileti\u015fime ge\u00e7iyor olaca\u011f\u0131z.<\/p>\n\t\t\t\t          <\/div>\n\t\t\t\t          <ul><li> <div class=\"wndfal-icon\"><i class=\"ti-location-pin\" aria-hidden=\"true\"><\/i><\/div><div class=\"contact-inner-info\"><span class=\"list-title\">Adres:<\/span>Veysel Karani Mah.Bakan Cad. No:129 34885  Sancaktepe\u00a0\u0130STANBUL<\/div><\/li><li> <div class=\"wndfal-icon\"><i class=\"ti-mobile\" aria-hidden=\"true\"><\/i><\/div><div class=\"contact-inner-info\"><span class=\"list-title\">Telefon: <\/span><a href=\"tel:+905356009299\" target=\"_blank\" rel=\"nofollow\">+90 535 600 92 99<\/a><\/div><\/li><li> <div class=\"wndfal-icon\"><i class=\"ti-email\" aria-hidden=\"true\"><\/i><\/div><div class=\"contact-inner-info\"><span class=\"list-title\">E-mail: <\/span><a href=\"mailto:meos.teknik@gmail.com\" target=\"_blank\" rel=\"nofollow\">meos.teknik@gmail.com<\/a><\/div><\/li><li> <div class=\"wndfal-icon\"><i class=\"ti-location-pin\" aria-hidden=\"true\"><\/i><\/div><div class=\"contact-inner-info\"><span class=\"list-title\">Vergi Dairesi:<\/span>Sultanbeyli<\/div><\/li><li> <div class=\"wndfal-icon\"><i class=\"ti-location-pin\" aria-hidden=\"true\"><\/i><\/div><div class=\"contact-inner-info\"><span class=\"list-title\">Vergi Numaras\u0131:<\/span>6680546331<\/div><\/li><\/ul><\/div><\/div>\t\t\t\t<\/div>\n\t\t\t\t<\/div>\n\t\t\t\t<div class=\"elementor-element elementor-element-7b81983 elementor-widget elementor-widget-vt-windfall_social_icons\" data-id=\"7b81983\" data-element_type=\"widget\" data-widget_type=\"vt-windfall_social_icons.default\">\n\t\t\t\t<div class=\"elementor-widget-container\">\n\t\t\t\t\t<div class=\"wndfal-social  rounded\"><a  href=\"https:\/\/linkedin.com\/in\/meos-teknik-makine-elektrik-otomasyon-sistem-bak%C4%B1m%C4%B1-b1a9852b7\" target=\"_blank\" rel=\"nofollow\" class=\"icon-fa-linkedin\"><span><i class=\"fa fa-linkedin\"><\/i><\/span><\/a><a  href=\"https:\/\/maps.app.goo.gl\/zdkbR2D9bqaDXDY19\" target=\"_blank\" rel=\"nofollow\" class=\"icon-fa-google-plus\"><span><i class=\"fa fa-google-plus\"><\/i><\/span><\/a><\/div>\t\t\t\t<\/div>\n\t\t\t\t<\/div>\n\t\t\t\t\t<\/div>\n\t\t<\/div>\n\t\t\t\t<div class=\"elementor-column elementor-col-66 elementor-top-column elementor-element elementor-element-a4e231f\" data-id=\"a4e231f\" data-element_type=\"column\">\n\t\t\t<div class=\"elementor-widget-wrap elementor-element-populated\">\n\t\t\t\t\t\t<div class=\"elementor-element elementor-element-bc24231 elementor-widget elementor-widget-vt-windfall_contact_form\" data-id=\"bc24231\" data-element_type=\"widget\" data-widget_type=\"vt-windfall_contact_form.default\">\n\t\t\t\t<div class=\"elementor-widget-container\">\n\t\t\t\t\t<div class=\" wndfal-contact-form wndfal-form wndfal-cntat-form\">\n<div class=\"wpcf7 no-js\" id=\"wpcf7-f385-o1\" lang=\"en-US\" dir=\"ltr\" data-wpcf7-id=\"385\">\n<div class=\"screen-reader-response\"><p role=\"status\" aria-live=\"polite\" aria-atomic=\"true\"><\/p> <ul><\/ul><\/div>\n<form action=\"\/index.php?rest_route=%2Fwp%2Fv2%2Fpages%2F377#wpcf7-f385-o1\" method=\"post\" class=\"wpcf7-form init\" aria-label=\"Contact form\" novalidate=\"novalidate\" data-status=\"init\">\n<fieldset class=\"hidden-fields-container\"><input type=\"hidden\" name=\"_wpcf7\" value=\"385\" \/><input type=\"hidden\" name=\"_wpcf7_version\" value=\"6.1.4\" \/><input type=\"hidden\" name=\"_wpcf7_locale\" value=\"en_US\" \/><input type=\"hidden\" name=\"_wpcf7_unit_tag\" value=\"wpcf7-f385-o1\" \/><input type=\"hidden\" name=\"_wpcf7_container_post\" value=\"0\" \/><input type=\"hidden\" name=\"_wpcf7_posted_data_hash\" value=\"\" \/>\n<\/fieldset>\n<div class=\"row\">\n\t<div class=\"col-md-6\">\n\t\t<p><label> Ad Soyad* <\/label><br \/>\n<span class=\"wpcf7-form-control-wrap\" data-name=\"your-name\"><input size=\"40\" maxlength=\"400\" class=\"wpcf7-form-control wpcf7-text wpcf7-validates-as-required\" aria-required=\"true\" aria-invalid=\"false\" value=\"\" type=\"text\" name=\"your-name\" \/><\/span>\n\t\t<\/p>\n\t<\/div>\n\t<div class=\"col-md-6\">\n\t\t<p><label> Mail Adresi <\/label><br \/>\n<span class=\"wpcf7-form-control-wrap\" data-name=\"your-email\"><input size=\"40\" maxlength=\"400\" class=\"wpcf7-form-control wpcf7-email wpcf7-text wpcf7-validates-as-email\" aria-invalid=\"false\" value=\"\" type=\"email\" name=\"your-email\" \/><\/span>\n\t\t<\/p>\n\t<\/div>\n\t<div class=\"col-md-6\">\n\t\t<p><label> Telefon* <\/label><br \/>\n<span class=\"wpcf7-form-control-wrap\" data-name=\"tel-459\"><input size=\"40\" maxlength=\"400\" class=\"wpcf7-form-control wpcf7-tel wpcf7-validates-as-required wpcf7-text wpcf7-validates-as-tel\" aria-required=\"true\" aria-invalid=\"false\" value=\"\" type=\"tel\" name=\"tel-459\" \/><\/span>\n\t\t<\/p>\n\t<\/div>\n\t<div class=\"col-md-6\">\n\t\t<p><label> Konu* <\/label><br \/>\n<span class=\"wpcf7-form-control-wrap\" data-name=\"your-subject\"><input size=\"40\" maxlength=\"400\" class=\"wpcf7-form-control wpcf7-text wpcf7-validates-as-required\" aria-required=\"true\" aria-invalid=\"false\" value=\"\" type=\"text\" name=\"your-subject\" \/><\/span>\n\t\t<\/p>\n\t<\/div>\n\t<div class=\"col-md-12\">\n\t\t<p><label> Mesaj\u0131n\u0131z* <\/label><br \/>\n<span class=\"wpcf7-form-control-wrap\" data-name=\"your-message\"><textarea cols=\"40\" rows=\"10\" maxlength=\"2000\" class=\"wpcf7-form-control wpcf7-textarea wpcf7-validates-as-required\" aria-required=\"true\" aria-invalid=\"false\" name=\"your-message\"><\/textarea><\/span>\n\t\t<\/p>\n\t<\/div>\n\t<div class=\"col-md-12\">\n\t\t<p><input class=\"wpcf7-form-control wpcf7-submit has-spinner\" type=\"submit\" value=\"Mesaj G\u00f6nder\" \/>\n\t\t<\/p>\n\t<\/div>\n<\/div><div class=\"wpcf7-response-output\" aria-hidden=\"true\"><\/div>\n<\/form>\n<\/div>\n<\/div>\t\t\t\t<\/div>\n\t\t\t\t<\/div>\n\t\t\t\t\t<\/div>\n\t\t<\/div>\n\t\t\t\t\t<\/div>\n\t\t<\/section>\n\t\t\t\t<section class=\"elementor-section elementor-top-section elementor-element elementor-element-1ffc08d elementor-section-stretched elementor-section-boxed elementor-section-height-default elementor-section-height-default\" data-id=\"1ffc08d\" data-element_type=\"section\" data-settings=\"{&quot;stretch_section&quot;:&quot;section-stretched&quot;}\">\n\t\t\t\t\t\t<div class=\"elementor-container elementor-column-gap-no\">\n\t\t\t\t\t<div class=\"elementor-column elementor-col-100 elementor-top-column elementor-element elementor-element-06c02a4\" data-id=\"06c02a4\" data-element_type=\"column\">\n\t\t\t<div class=\"elementor-widget-wrap elementor-element-populated\">\n\t\t\t\t\t\t<div class=\"elementor-element elementor-element-602360f elementor-widget elementor-widget-google_maps\" data-id=\"602360f\" data-element_type=\"widget\" data-widget_type=\"google_maps.default\">\n\t\t\t\t<div class=\"elementor-widget-container\">\n\t\t\t\t\t\t\t<div class=\"elementor-custom-embed\">\n\t\t\t<iframe loading=\"lazy\"\n\t\t\t\t\tsrc=\"https:\/\/maps.google.com\/maps?q=Veysel%20Karani%2C%20Bakan%20Cd.%20No%3A129%2C%2034885%20Sancaktepe%2F%C4%B0stanbul&#038;t=m&#038;z=17&#038;output=embed&#038;iwloc=near\"\n\t\t\t\t\ttitle=\"Veysel Karani, Bakan Cd. No:129, 34885 Sancaktepe\/\u0130stanbul\"\n\t\t\t\t\taria-label=\"Veysel Karani, Bakan Cd. No:129, 34885 Sancaktepe\/\u0130stanbul\"\n\t\t\t><\/iframe>\n\t\t<\/div>\n\t\t\t\t\t\t<\/div>\n\t\t\t\t<\/div>\n\t\t<div class=\"elementor-element elementor-element-00b562e e-flex e-con-boxed e-con e-parent\" data-id=\"00b562e\" data-element_type=\"container\">\n\t\t\t\t\t<div class=\"e-con-inner\">\n\t\t\t\t\t<\/div>\n\t\t\t\t<\/div>\n\t\t\t\t\t<\/div>\n\t\t<\/div>\n\t\t\t\t\t<\/div>\n\t\t<\/section>\n\t\t\t\t<\/div>\n\t\t","protected":false},"excerpt":{"rendered":"MEOS Teknik Bizimle ileti\u015fime ge\u00e7ti\u011finiz i\u00e7in te\u015fekk\u00fcr ederiz. En k\u0131sa s\u00fcre i\u00e7erisinde sizinle ileti\u015fime ge\u00e7iyor olaca\u011f\u0131z. Adres:Veysel Karani Mah.Bakan Cad. No:129 34885 Sancaktepe\u00a0\u0130STANBUL Telefon: +90 535 600 92 99 E-mail: meos.teknik@gmail.com Vergi Dairesi:Sultanbeyli Vergi Numaras\u0131:6680546331 Ad Soyad* Mail Adresi Telefon* Konu* Mesaj\u0131n\u0131z*","protected":false},"author":1,"featured_media":0,"parent":0,"menu_order":0,"comment_status":"closed","ping_status":"closed","template":"","meta":{"_joinchat":[],"footnotes":""},"class_list":["post-377","page","type-page","status-publish","hentry"],"_links":{"self":[{"href":"https:\/\/meosteknik.com\/index.php?rest_route=\/wp\/v2\/pages\/377","targetHints":{"allow":["GET"]}}],"collection":[{"href":"https:\/\/meosteknik.com\/index.php?rest_route=\/wp\/v2\/pages"}],"about":[{"href":"https:\/\/meosteknik.com\/index.php?rest_route=\/wp\/v2\/types\/page"}],"author":[{"embeddable":true,"href":"https:\/\/meosteknik.com\/index.php?rest_route=\/wp\/v2\/users\/1"}],"replies":[{"embeddable":true,"href":"https:\/\/meosteknik.com\/index.php?rest_route=%2Fwp%2Fv2%2Fcomments&post=377"}],"version-history":[{"count":94,"href":"https:\/\/meosteknik.com\/index.php?rest_route=\/wp\/v2\/pages\/377\/revisions"}],"predecessor-version":[{"id":2058,"href":"https:\/\/meosteknik.com\/index.php?rest_route=\/wp\/v2\/pages\/377\/revisions\/2058"}],"wp:attachment":[{"href":"https:\/\/meosteknik.com\/index.php?rest_route=%2Fwp%2Fv2%2Fmedia&parent=377"}],"curies":[{"name":"wp","href":"https:\/\/api.w.org\/{rel}","templated":true}]}}